{"id":323,"date":"2022-07-06T05:39:47","date_gmt":"2022-07-06T05:39:47","guid":{"rendered":"https:\/\/donshop.dk\/?product=styrbaand-brooks-sort-laeder-m-kork-styrpropper-saet"},"modified":"2022-07-06T05:39:50","modified_gmt":"2022-07-06T05:39:50","slug":"styrbaand-brooks-sort-laeder-m-kork-styrpropper-saet","status":"publish","type":"product","link":"https:\/\/donshop.dk\/?product=styrbaand-brooks-sort-laeder-m-kork-styrpropper-saet","title":{"rendered":"Styrb\u00e5nd Brooks sort l\u00e6der m.kork styrpropper s\u00e6t"},"content":{"rendered":"","protected":false},"excerpt":{"rendered":"","protected":false},"featured_media":2519,"comment_status":"closed","ping_status":"open","template":"","meta":[],"product_cat":[],"product_tag":[],"class_list":{"0":"post-323","1":"product","2":"type-product","3":"status-publish","4":"has-post-thumbnail","7":"first","8":"instock","9":"product-type-external"},"_links":{"self":[{"href":"https:\/\/donshop.dk\/index.php?rest_route=\/wp\/v2\/product\/323","targetHints":{"allow":["GET"]}}],"collection":[{"href":"https:\/\/donshop.dk\/index.php?rest_route=\/wp\/v2\/product"}],"about":[{"href":"https:\/\/donshop.dk\/index.php?rest_route=\/wp\/v2\/types\/product"}],"replies":[{"embeddable":true,"href":"https:\/\/donshop.dk\/index.php?rest_route=%2Fwp%2Fv2%2Fcomments&post=323"}],"wp:featuredmedia":[{"embeddable":true,"href":"https:\/\/donshop.dk\/index.php?rest_route=\/wp\/v2\/media\/2519"}],"wp:attachment":[{"href":"https:\/\/donshop.dk\/index.php?rest_route=%2Fwp%2Fv2%2Fmedia&parent=323"}],"wp:term":[{"taxonomy":"product_cat","embeddable":true,"href":"https:\/\/donshop.dk\/index.php?rest_route=%2Fwp%2Fv2%2Fproduct_cat&post=323"},{"taxonomy":"product_tag","embeddable":true,"href":"https:\/\/donshop.dk\/index.php?rest_route=%2Fwp%2Fv2%2Fproduct_tag&post=323"}],"curies":[{"name":"wp","href":"https:\/\/api.w.org\/{rel}","templated":true}]}}